{"id":352,"date":"2023-03-24T09:13:57","date_gmt":"2023-03-24T08:13:57","guid":{"rendered":"https:\/\/www.tipsbulgaria.com\/it\/?page_id=352"},"modified":"2023-03-24T14:53:31","modified_gmt":"2023-03-24T13:53:31","slug":"chi-siamo","status":"publish","type":"page","link":"https:\/\/www.tipsbulgaria.com\/it\/chi-siamo\/","title":{"rendered":"Chi siamo"},"content":{"rendered":"\n<p><strong>Tips Bulgaria<\/strong> vuole essere un punto di informazione per gli stranieri interessati alla Bulgaria.<\/p>\n\n\n\n<p>Le <a href=\"https:\/\/www.tipsbulgaria.com\/it\/news\/\">notizie<\/a> e gli approfondimenti riguarderanno sia la politica e l\u2019economia ma soprattutto l&#8217;accoglienza riferita alla ristorazione, all&#8217;hotellerie, ai richiami culturali.<\/p>\n\n\n\n<p>Per gli <a href=\"https:\/\/www.tipsbulgaria.com\/it\/servizi-per-hotel\/\">alberghi<\/a> e <a href=\"https:\/\/www.tipsbulgaria.com\/it\/servizi-per-ristoranti\/\">ristoranti<\/a> si cercher\u00e0 di far risaltare gli esercizi che stanno lavorando sulla qualit\u00e0, cercando di presentare le realt\u00e0 virtuose a discapito di quanti stanno preferendo una politica di massa e che ha come unico punto di riferimento il prezzo contenuto dei servizi offerti.<\/p>\n\n\n\n<p>Pertanto <strong>Tips Bulgaria<\/strong> si candida ad essere un osservatorio sulla qualit\u00e0 e sulla cultura per coloro che vorranno visitare il Paese o per gli stessi residenti che aspirano ad entrare in contatto con realt\u00e0 turistiche di livello qualitativo medio-alto.<\/p>\n\n\n\n<p>Il management e lo staff di <strong>Tips Bulgaria<\/strong> \u00e8 composto da professionisti affermati che quotidianamente si occupano di informazione, cultura, economia, start-up di imprese industriali e commerciali.<\/p>\n","protected":false},"excerpt":{"rendered":"<p>Tips Bulgaria vuole essere un punto di informazione per gli stranieri interessati alla Bulgaria. Le notizie e gli approfondimenti riguarderanno sia la politica e l\u2019economia ma soprattutto l&#8217;accoglienza riferita alla ristorazione, all&#8217;hotellerie, ai richiami culturali. Per gli alberghi e ristoranti si cercher\u00e0 di far risaltare gli esercizi che stanno lavorando sulla qualit\u00e0, cercando di presentare [&hellip;]<\/p>\n","protected":false},"author":1,"featured_media":184,"parent":0,"menu_order":0,"comment_status":"closed","ping_status":"closed","template":"","meta":{"_et_pb_use_builder":"off","_et_pb_old_content":"<!-- wp:paragraph -->\n<p><strong>TIPS BULGARIA<\/strong> vuole essere un punto di informazione per gli stranieri interessati alla Bulgaria.<br>Le notizie e gli approfondimenti riguarderanno sia la politica e l\u2019economia ma soprattutto<br>l\u2019accoglienza riferita alla ristorazione, all\u2019hotellerie, ai richiami culturali.<\/p>\n<!-- \/wp:paragraph -->\n\n<!-- wp:paragraph -->\n<p>Per gli alberghi e ristoranti si cercher\u00e0 di far risaltare gli esercizi che stanno lavorando sulla qualit\u00e0,<br>cercando di presentare le realt\u00e0 virtuose a discapito di quanti stanno preferendo una politica di<br>massa e che ha come unico punto di riferimento il prezzo contenuto dei servizi offerti.<\/p>\n<!-- \/wp:paragraph -->\n\n<!-- wp:paragraph -->\n<p>Pertanto <strong>TIPS BULGARIA<\/strong> si candida ad essere un osservatorio sulla qualit\u00e0 e sulla cultura per<br>coloro che vorranno visitare il Paese o per gli stessi residenti che aspirano ad entrare in contatto<br>con realt\u00e0 turistiche di livello qualitativo medio-alto.<\/p>\n<!-- \/wp:paragraph -->\n\n<!-- wp:paragraph -->\n<p>Il management e lo staff di <strong>TIPS BULGARIA<\/strong> \u00e8 composto da professionisti affermati che<br>quotidianamente si occupano di informazione, cultura, economia, start-up di imprese industriali e<br>commerciali.<\/p>\n<!-- \/wp:paragraph -->","_et_gb_content_width":"","footnotes":""},"class_list":["post-352","page","type-page","status-publish","has-post-thumbnail","hentry"],"_links":{"self":[{"href":"https:\/\/www.tipsbulgaria.com\/it\/wp-json\/wp\/v2\/pages\/352"}],"collection":[{"href":"https:\/\/www.tipsbulgaria.com\/it\/wp-json\/wp\/v2\/pages"}],"about":[{"href":"https:\/\/www.tipsbulgaria.com\/it\/wp-json\/wp\/v2\/types\/page"}],"author":[{"embeddable":true,"href":"https:\/\/www.tipsbulgaria.com\/it\/wp-json\/wp\/v2\/users\/1"}],"replies":[{"embeddable":true,"href":"https:\/\/www.tipsbulgaria.com\/it\/wp-json\/wp\/v2\/comments?post=352"}],"version-history":[{"count":8,"href":"https:\/\/www.tipsbulgaria.com\/it\/wp-json\/wp\/v2\/pages\/352\/revisions"}],"predecessor-version":[{"id":674,"href":"https:\/\/www.tipsbulgaria.com\/it\/wp-json\/wp\/v2\/pages\/352\/revisions\/674"}],"wp:featuredmedia":[{"embeddable":true,"href":"https:\/\/www.tipsbulgaria.com\/it\/wp-json\/wp\/v2\/media\/184"}],"wp:attachment":[{"href":"https:\/\/www.tipsbulgaria.com\/it\/wp-json\/wp\/v2\/media?parent=352"}],"curies":[{"name":"wp","href":"https:\/\/api.w.org\/{rel}","templated":true}]}}